{"id":1013,"date":"2023-09-19T23:06:45","date_gmt":"2023-09-19T21:06:45","guid":{"rendered":"https:\/\/www.to-b.it\/wordpress\/?page_id=1013"},"modified":"2023-09-19T23:26:43","modified_gmt":"2023-09-19T21:26:43","slug":"sostieni-to-b","status":"publish","type":"page","link":"https:\/\/www.to-b.it\/wordpress\/index.php\/sostieni-to-b\/","title":{"rendered":"Sostieni to-B"},"content":{"rendered":"\n<p>Il principale obiettivo dell\u2019<strong>Associazione to-B<\/strong> \u00e8 quello di dedicare ogni anno una giornata a un tema importante per Barbara, esaminandolo da numerosi punti di vista.<\/p>\n\n\n\n<p>Per finanziare l&#8217;evento, vengono organizzate diverse attivit\u00e0 tra cui alcuni seminari didattici. <strong>Partecipare alla giornata e a queste attivit\u00e0 \u00e8 il modo migliore per sostenere to-B. <\/strong><\/p>\n\n\n\n<p>Se amici o amiche volessero sostenere ulteriormente l&#8217;iniziativa e la giornata dedicata a Barbara, a fondo pagina \u00e8 disponibile il numero di conto corrente bancario dell&#8217;associazione per un&#8217;eventuale donazione.<\/p>\n\n\n\n<p>Grazie!<\/p>\n\n\n\n<hr class=\"wp-block-separator is-style-wide\"\/>\n\n\n\n<p><strong>Intestatario:<\/strong> Associazione to-B<br><strong>Numero conto:<\/strong> 003855389<br><strong>Codice IBAN:<\/strong>\u00a0<strong>IT07J0538701011000003855389<\/strong><br><strong>Banca:<\/strong> BPER<br><strong>Causale del bonifico:<\/strong> sostegno to-B<\/p>\n\n\n\n<hr class=\"wp-block-separator is-style-wide\"\/>\n\n\n\n<p><\/p>\n","protected":false},"excerpt":{"rendered":"<p>Il principale obiettivo dell\u2019Associazione to-B \u00e8 quello di dedicare ogni anno una giornata a un tema importante per Barbara, esaminandolo da numerosi punti di vista. Per finanziare l&#8217;evento, vengono organizzate diverse attivit\u00e0 tra cui alcuni seminari didattici. Partecipare alla giornata <a href=\"https:\/\/www.to-b.it\/wordpress\/index.php\/sostieni-to-b\/\" class=\"read-more\">Read More &#8230;<\/a><\/p>\n","protected":false},"author":3,"featured_media":0,"parent":0,"menu_order":0,"comment_status":"closed","ping_status":"closed","template":"","meta":[],"_links":{"self":[{"href":"https:\/\/www.to-b.it\/wordpress\/index.php\/wp-json\/wp\/v2\/pages\/1013"}],"collection":[{"href":"https:\/\/www.to-b.it\/wordpress\/index.php\/wp-json\/wp\/v2\/pages"}],"about":[{"href":"https:\/\/www.to-b.it\/wordpress\/index.php\/wp-json\/wp\/v2\/types\/page"}],"author":[{"embeddable":true,"href":"https:\/\/www.to-b.it\/wordpress\/index.php\/wp-json\/wp\/v2\/users\/3"}],"replies":[{"embeddable":true,"href":"https:\/\/www.to-b.it\/wordpress\/index.php\/wp-json\/wp\/v2\/comments?post=1013"}],"version-history":[{"count":3,"href":"https:\/\/www.to-b.it\/wordpress\/index.php\/wp-json\/wp\/v2\/pages\/1013\/revisions"}],"predecessor-version":[{"id":1021,"href":"https:\/\/www.to-b.it\/wordpress\/index.php\/wp-json\/wp\/v2\/pages\/1013\/revisions\/1021"}],"wp:attachment":[{"href":"https:\/\/www.to-b.it\/wordpress\/index.php\/wp-json\/wp\/v2\/media?parent=1013"}],"curies":[{"name":"wp","href":"https:\/\/api.w.org\/{rel}","templated":true}]}}