{"id":1086,"date":"2025-08-13T10:33:30","date_gmt":"2025-08-13T08:33:30","guid":{"rendered":"https:\/\/www.to-b.it\/wordpress\/?page_id=1086"},"modified":"2025-09-22T07:19:08","modified_gmt":"2025-09-22T05:19:08","slug":"1086-2","status":"publish","type":"page","link":"https:\/\/www.to-b.it\/wordpress\/index.php\/1086-2\/","title":{"rendered":"Evento to-B 2025"},"content":{"rendered":"\n<figure class=\"wp-block-image size-large\"><a href=\"https:\/\/www.to-b.it\/wordpress\/wp-content\/uploads\/2025\/09\/Locandina-toB-2025_v19092025.pdf\"><img loading=\"lazy\" width=\"1024\" height=\"579\" src=\"https:\/\/www.to-b.it\/wordpress\/wp-content\/uploads\/2025\/09\/save-the-date-to-B-2025-p2.4-1024x579.png\" alt=\"\" class=\"wp-image-1124\" srcset=\"https:\/\/www.to-b.it\/wordpress\/wp-content\/uploads\/2025\/09\/save-the-date-to-B-2025-p2.4-1024x579.png 1024w, https:\/\/www.to-b.it\/wordpress\/wp-content\/uploads\/2025\/09\/save-the-date-to-B-2025-p2.4-300x170.png 300w, https:\/\/www.to-b.it\/wordpress\/wp-content\/uploads\/2025\/09\/save-the-date-to-B-2025-p2.4-768x434.png 768w, https:\/\/www.to-b.it\/wordpress\/wp-content\/uploads\/2025\/09\/save-the-date-to-B-2025-p2.4-360x203.png 360w, https:\/\/www.to-b.it\/wordpress\/wp-content\/uploads\/2025\/09\/save-the-date-to-B-2025-p2.4.png 1472w\" sizes=\"(max-width: 1024px) 100vw, 1024px\" \/><\/a><\/figure>\n\n\n\n<p><strong>Sapori e dissapori: il potere del cibo<\/strong>&nbsp;\u00e8 il titolo dell&#8217;evento&nbsp;<strong>to-B 2025<\/strong>, la giornata in ricordo di Barbara Pacelli.<\/p>\n\n\n\n<p>Quest&#8217;anno esploreremo il cibo come elemento di connessione tra persone e culture: un viaggio tra convivialit\u00e0, gioia e sostenibilit\u00e0. Racconteremo anche storie di chi ha affrontato difficolt\u00e0 legate al cibo con coraggio e positivit\u00e0, evidenziando importanti contrasti come l&#8217;eccesso alimentare in alcune realt\u00e0 e la fame in altre. A rendere l&#8217;evento pi\u00f9 vivo e coinvolgente, leggeremo e racconteremo le ricette care a Barbara.<\/p>\n\n\n\n<p>L&#8217;evento si terr\u00e0 il\u00a0<strong>22 settembre 2025 alle 14:00 a Bologna, nella casa di quartiere Katia Bertasi<\/strong>\u00a0in via Fioravanti, 18\/3. La partecipazione \u00e8 gratuita, con iscrizione obbligatoria <strong><a href=\"https:\/\/www.to-b.it\/wordpress\/index.php\/event\/sapori-e-dissapori-il-potere-del-cibo\/\">a questo link<\/a>.<\/strong><\/p>\n\n\n\n<p>Siamo consapevoli che lo\u00a0<strong>sciopero generale per Gaza<\/strong>, indetto in concomitanza con l&#8217;evento to-B, render\u00e0 difficile la partecipazione dal vivo. Condividiamo e sosteniamo le ragioni di questo importante sciopero generale. Uno degli interventi del programma,\u00a0<strong>\u00abLa fame e la resa\u00bb<\/strong>\u00a0(vedi locandina), \u00e8 strettamente in linea con i motivi dello sciopero. Purtroppo, per questioni organizzative, non abbiamo potuto rimandare l&#8217;evento.<\/p>\n\n\n\n<p>Per chi non riuscir\u00e0 a partecipare dal vivo, abbiamo organizzato una <strong>diretta streaming<\/strong>. La trasmissione inizier\u00e0\u00a0alle\u00a0<strong>14:00\u00a0<\/strong>sulla <a href=\"https:\/\/epiprev.it\/notizie\/il-potere-del-cibo\"><strong>pagina dedicata all\u2019evento to-B del sito di Epidemiologia e Prevenzione<\/strong>.<\/a><\/p>\n\n\n\n<p><a href=\"https:\/\/www.to-b.it\/wordpress\/wp-content\/uploads\/2025\/09\/Locandina-toB-2025_v19092025.pdf\">A questo link potete scaricare <strong>la locandina<\/strong><\/a> con il programma della giornata.<\/p>\n","protected":false},"excerpt":{"rendered":"<p>Sapori e dissapori: il potere del cibo&nbsp;\u00e8 il titolo dell&#8217;evento&nbsp;to-B 2025, la giornata in ricordo di Barbara Pacelli. Quest&#8217;anno esploreremo il cibo come elemento di connessione tra persone e culture: un viaggio tra convivialit\u00e0, gioia e sostenibilit\u00e0. Racconteremo anche storie <a href=\"https:\/\/www.to-b.it\/wordpress\/index.php\/1086-2\/\" class=\"read-more\">Read More &#8230;<\/a><\/p>\n","protected":false},"author":3,"featured_media":0,"parent":0,"menu_order":0,"comment_status":"closed","ping_status":"closed","template":"","meta":[],"_links":{"self":[{"href":"https:\/\/www.to-b.it\/wordpress\/index.php\/wp-json\/wp\/v2\/pages\/1086"}],"collection":[{"href":"https:\/\/www.to-b.it\/wordpress\/index.php\/wp-json\/wp\/v2\/pages"}],"about":[{"href":"https:\/\/www.to-b.it\/wordpress\/index.php\/wp-json\/wp\/v2\/types\/page"}],"author":[{"embeddable":true,"href":"https:\/\/www.to-b.it\/wordpress\/index.php\/wp-json\/wp\/v2\/users\/3"}],"replies":[{"embeddable":true,"href":"https:\/\/www.to-b.it\/wordpress\/index.php\/wp-json\/wp\/v2\/comments?post=1086"}],"version-history":[{"count":26,"href":"https:\/\/www.to-b.it\/wordpress\/index.php\/wp-json\/wp\/v2\/pages\/1086\/revisions"}],"predecessor-version":[{"id":1142,"href":"https:\/\/www.to-b.it\/wordpress\/index.php\/wp-json\/wp\/v2\/pages\/1086\/revisions\/1142"}],"wp:attachment":[{"href":"https:\/\/www.to-b.it\/wordpress\/index.php\/wp-json\/wp\/v2\/media?parent=1086"}],"curies":[{"name":"wp","href":"https:\/\/api.w.org\/{rel}","templated":true}]}}