{"id":2,"date":"2020-06-25T10:33:18","date_gmt":"2020-06-25T10:33:18","guid":{"rendered":"http:\/\/www.to-b.it\/wordpress\/?page_id=2"},"modified":"2020-12-21T21:02:08","modified_gmt":"2020-12-21T19:02:08","slug":"biografia","status":"publish","type":"page","link":"https:\/\/www.to-b.it\/wordpress\/index.php\/biografia\/","title":{"rendered":"Biografia di Barbara Pacelli"},"content":{"rendered":"\n<p>Barbara nasce nel 1979 nella cittadina laziale di Rieti da mamma ticinese (di Bellinzona, Svizzera) e pap\u00e0 cilentano (di Marina di Camerota in Campania). Trasferitasi a Bologna al termine dei suoi studi liceali scientifici, prosegue la sua formazione laureandosi nel 2002 a pieni voti in Scienze Statistiche Demografiche e Sociali all\u2019Universit\u00e0 di Bologna \u2013 Dip.to di Scienze Statistiche \u201cP. Fortunati\u201d \u2013 con una tesi sugli indici di misurazione della qualit\u00e0 della vita.<\/p>\n\n\n\n<p>Barbara mostra fin da subito il suo spirito di intraprendenza e la sua voglia di contribuire al mondo che la circonda al punto che, gi\u00e0 sul finire dei suoi studi universitari, partecipa a concorsi pubblici della sanit\u00e0 bolognese vincendo subito una posizione da statistica nell\u2019allora USL di Bologna dove ha la possibilit\u00e0 di crescere professionalmente accanto, tra gli altri, alla figura di Paolo Pandolfi. Sempre tesa a migliorarsi e ad arricchire le sue competenze, nel 2003 decide di frequentare il Master di II livello in Biostatistica, presso la Facolt\u00e0 di Science Statistiche dell\u2019Universit\u00e0 di Bologna. Con una tesi sulla tematica della qualit\u00e0 di vita percepita e salute, conclude anche questo passaggio della sua formazione con lode.&nbsp;<\/p>\n\n\n\n<p>Nel quinquennio successivo continua la sua collaborazione con il Servizio di epidemiologia della USL di Bologna, dedicandosi con passione a varie aree professionali in collegamento con gruppi collaborativi italiani. In particolare, segue progetti di epidemiologia ambientale per l\u2019analisi di inquinamento atmosferico e salute, e di epidemiologia sociale. Inoltre, collabora con l\u2019Universit\u00e0 di Bologna e, in primis, con la prof.ssa Giulia Cavrini, contribuendo attivamente allo studio della misurazione della qualit\u00e0 della vita e della salute delle popolazioni pi\u00f9 delicate, come quelle dei bambini e degli anziani, e inizia a portare i suoi contributi alla comunit\u00e0 scientifica mondiale partecipando a convegni internazionali, a partire dal 21st&nbsp;<em>Scientific Plenary Meeting of the EuroQoL Group<\/em>&nbsp;a Chicago nel 2004.<\/p>\n\n\n\n<p>Nel 2008 Barbara vince il concorso per un posto di statistica, presso l\u2019Azienda Unit\u00e0 Sanitaria Locale di Reggio Emilia, al servizio di Epidemiologia, dove lavorer\u00e0 a fianco della dottoressa Silvia Candela principalmente sul tema della salute degli immigrati. Nel 2009 rientra a Bologna per collocarsi al suo posto di lavoro definitivo presso l\u2019Agenzia Sanitaria e Sociale della Regione Emilia-Romagna, dove diventa responsabile di vari progetti inerenti all\u2019epidemiologia della popolazione e ai determinanti sociali, a fianco dell\u2019amico e collega Nicola Caranci. Nel 2013 ottiene ancora una votazione piena all\u2019ulteriore Master di II livello in Epidemiologia, dell\u2019universit\u00e0 di Torino e di durata biennale, con la tesi \u201c<em>Socioeconomic factors in breast cancer care in Emilia-Romagna<\/em>\u201d.<\/p>\n\n\n\n<p>Le tematiche che affronta si ampliano mentre continua ad impiegare le sue competenze nella costruzione di indicatori, sia di deprivazione per la popolazione generale che di salute degli immigrati, e nel maneggiare molteplici fonti di dati e disegni di studio. Arriva cos\u00ec a gestire gli studi di coorte per l\u2019analisi della relazione tra condizioni socioeconomiche, salute e bisogni di assistenza. Tra comunicazioni a convegni e articoli, sono decine i lavori scientifici prodotti a partire da queste attivit\u00e0, sempre concepiti con una grande attenzione alla qualit\u00e0 del risultato, tanto da meritarsi \u2013 ad esempio &#8211; una rapida accettazione del suo primo lavoro a suo primo nome sull\u2019<em>European Journal of Public Health<\/em> senza richiesta di revisioni e con un ringraziamento particolare. Con questo stesso spirito, si dedica episodicamente ad attivit\u00e0 di docenza, contribuendo a corsi e seminari, anche in ambito universitario e partecipa in prima fila nella scrittura di manuali per la misura delle disuguaglianze.\u00a0<\/p>\n\n\n\n<p>A novembre 2014, durante Convegno annuale dell\u2019Associazione Italiana di Epidemiologia (AIE), nello stesso giorno vince il premio per la migliore comunicazione orale tra i giovani e viene eletta nel direttivo dell\u2019AIE con il pi\u00f9 alto numero di voti. Gli anni del direttivo AIE rappresentano un\u2019opportunit\u00e0 per avvicinarsi ancora ad altre tematiche che presto diventano oggetto del suo interesse, come l\u2019epidemiologia dei disastri (per il convegno 2016 dell\u2019Aquila). Partecipa alla Rivista Epidemiologia &amp; Prevenzione come&nbsp;<em>section editor<\/em>&nbsp;oltre che da revisore, come per altre riviste sulla salute dei migranti e sulle disuguaglianze sociali. In ogni attivit\u00e0 viene riconosciuta per l\u2019acutezza del suo sguardo da osservatrice dei fenomeni e per la puntigliosit\u00e0 nel contribuire alla loro analisi e, forse pi\u00f9 a cuore tra tutti coloro che l\u2019hanno conosciuta \u00e8 la sua capacit\u00e0 di relazionarsi empaticamente. Possibilmente un passo avanti, ma con la luminosit\u00e0 di chi riesce a fare gruppo, guardando un po\u2019 oltre.<\/p>\n\n\n\n<div class=\"wp-block-image\"><figure class=\"alignleft size-large is-resized\"><img loading=\"lazy\" src=\"https:\/\/www.to-b.it\/wordpress\/wp-content\/uploads\/2020\/09\/DSC4586-1024x683.jpg\" alt=\"\" class=\"wp-image-245\" width=\"528\" height=\"351\" srcset=\"https:\/\/www.to-b.it\/wordpress\/wp-content\/uploads\/2020\/09\/DSC4586-1024x683.jpg 1024w, https:\/\/www.to-b.it\/wordpress\/wp-content\/uploads\/2020\/09\/DSC4586-300x200.jpg 300w, https:\/\/www.to-b.it\/wordpress\/wp-content\/uploads\/2020\/09\/DSC4586-768x512.jpg 768w, https:\/\/www.to-b.it\/wordpress\/wp-content\/uploads\/2020\/09\/DSC4586-1536x1024.jpg 1536w, https:\/\/www.to-b.it\/wordpress\/wp-content\/uploads\/2020\/09\/DSC4586-2048x1365.jpg 2048w, https:\/\/www.to-b.it\/wordpress\/wp-content\/uploads\/2020\/09\/DSC4586-360x240.jpg 360w\" sizes=\"(max-width: 528px) 100vw, 528px\" \/><figcaption>Barbara<\/figcaption><\/figure><\/div>\n\n\n\n<p><\/p>\n\n\n\n<p><\/p>\n\n\n\n<p><\/p>\n","protected":false},"excerpt":{"rendered":"<p>Barbara nasce nel 1979 nella cittadina laziale di Rieti da mamma ticinese (di Bellinzona, Svizzera) e pap\u00e0 cilentano (di Marina di Camerota in Campania). Trasferitasi a Bologna al termine dei suoi studi liceali scientifici, prosegue la sua formazione laureandosi nel <a href=\"https:\/\/www.to-b.it\/wordpress\/index.php\/biografia\/\" class=\"read-more\">Read More &#8230;<\/a><\/p>\n","protected":false},"author":3,"featured_media":0,"parent":0,"menu_order":1,"comment_status":"closed","ping_status":"closed","template":"","meta":[],"_links":{"self":[{"href":"https:\/\/www.to-b.it\/wordpress\/index.php\/wp-json\/wp\/v2\/pages\/2"}],"collection":[{"href":"https:\/\/www.to-b.it\/wordpress\/index.php\/wp-json\/wp\/v2\/pages"}],"about":[{"href":"https:\/\/www.to-b.it\/wordpress\/index.php\/wp-json\/wp\/v2\/types\/page"}],"author":[{"embeddable":true,"href":"https:\/\/www.to-b.it\/wordpress\/index.php\/wp-json\/wp\/v2\/users\/3"}],"replies":[{"embeddable":true,"href":"https:\/\/www.to-b.it\/wordpress\/index.php\/wp-json\/wp\/v2\/comments?post=2"}],"version-history":[{"count":24,"href":"https:\/\/www.to-b.it\/wordpress\/index.php\/wp-json\/wp\/v2\/pages\/2\/revisions"}],"predecessor-version":[{"id":407,"href":"https:\/\/www.to-b.it\/wordpress\/index.php\/wp-json\/wp\/v2\/pages\/2\/revisions\/407"}],"wp:attachment":[{"href":"https:\/\/www.to-b.it\/wordpress\/index.php\/wp-json\/wp\/v2\/media?parent=2"}],"curies":[{"name":"wp","href":"https:\/\/api.w.org\/{rel}","templated":true}]}}