{"id":8,"date":"2020-09-27T16:51:47","date_gmt":"2020-09-27T14:51:47","guid":{"rendered":"https:\/\/www.to-b.it\/wordpress\/index.php\/events\/"},"modified":"2023-08-13T15:54:21","modified_gmt":"2023-08-13T13:54:21","slug":"home","status":"publish","type":"page","link":"https:\/\/www.to-b.it\/wordpress\/","title":{"rendered":"Home"},"content":{"rendered":"\n<h1><strong><center>PROGETTO to-B <br> in ricordo di Barbara Pacelli<\/center><\/strong><\/h1>\n\n\n\n<h2><\/h2>\n\n\n\n<div align=\"justify\"><p>To-B \u00e8 un progetto che nasce per ricordare la nostra amica e collega Barbara Pacelli, statistica dell\u2019Agenzia sanitaria e sociale della Regione Emilia-Romagna, scomparsa improvvisamente e prematuramente nel settembre del 2019. Il Progetto to-B dall 2020 organizza appuntamenti periodici per parlare di temi che stavano a cuore a Barbara e l\u2019hanno sempre vista in prima linea. Inoltre, nel 2023 to-B \u00e8 diventato anche un\u2019Organizzazione di Volontariato (OdV), formalmente iscritta al registro degli enti del terzo settore.<\/p><\/div>\n\n\n\n\n\n<div align=\"justify\"><p>\nTo-B \u00e8 chiamato cos\u00ec perch\u00e9 \u00e8 nato <i>per<\/i> Barbara, perch\u00e9 vogliamo che Barbara <i>sia<\/i> in quello che proponiamo, perch\u00e9 vediamo un&#8217;iniziativa in <i>divenire<\/i> e con un lungo futuro costellato di incontri di natura diversa e dedicati a diversi temi scientifici.<!--La nostra idea, infatti, \u00e8 quella di trovarci attorno al ricordo di Barbara per coltivare lo spirito che ci accomunava a lei e per confrontarci su tematiche affini alle sue e alle nostre attivit\u00e0.--><\/p><\/div>\n\n\n\n<div align=\"justify\"><p>L&#8217;intento del gruppo to-B \u00e8 quello di creare periodicamente e con cadenza regolare degli eventi che siano occasioni di incontro per alimentare scambi di idee e momenti di riflessione tra professionisti provenienti da ambiti anche molto diversi, con l\u2019obiettivo di rinsaldare relazioni, cosa che stava a cuore a Barbara e sempre promossa nel suo operato. I temi che vengono trattati sono, quindi, vicini a quelli cari a Barbara e alle persone del Gruppo to-B e spaziano dalla salute alla qualit\u00e0 della vita, dal cambiamento climatico al fenomeno della migrazione, e a molti altri. Essendo il Gruppo to-B un gruppo indipendente e in divenire, ad ogni evento che proporremo potranno essere coinvolte nel gruppo nuove persone, che potranno anche autoproporsi, se interessate a contribuire attivamente. Di evento in evento coinvolgeremo diverse istituzioni pubbliche sensibili ai temi dei nostri eventi, dalle Universit\u00e0 alle AUSL, dalle Regioni all\u2019Associazione Italiana di Epidemiologia e le altre organizzazioni del nostro paese con le quali Barbara ha collaborato. Inoltre, cercheremo di organizzare gli eventi in sedi diverse viaggiando in Italia nei centri e nelle istituzioni che hanno collaborato con Barbara.<\/p><p>Per contattare il Gruppo to-B \u00e8 possibile scrivere a questo indirizzo email: <u>info at to-b.it<\/u><\/p> <\/div>\n\n\n\n\n\n<style>\ntable, th, td {\n  border: 0px solid black;\n  text-align: justify;\n}\n.equal-width td {   width: 50%; }\nimg {\n  float: left;\n  width:130px;height:155px;\n  margin-right: 3px;\n}\n<\/style>\n<div align=\"justify\"><p><strong>Il GRUPPO to-B<\/strong><br><\/p>\n<table class=\"equal-width\" align=\"left\">\n<tbody><tr><td><img src=\"https:\/\/www.to-b.it\/wordpress\/wp-content\/uploads\/2021\/07\/Laura_q.jpg\"><strong>Laura Bonvicini (presidentessa to-B ODV)<\/strong> &#8211; Servizio di Epidemiologia &#8211; Azienda USL-IRCCS di Reggio Emilia<\/td>\n<td><img src=\"https:\/\/www.to-b.it\/wordpress\/wp-content\/uploads\/2021\/03\/Serena.jpg\"> <strong>Serena Broccoli<\/strong> &#8211; \nServizio Prevenzione Collettiva e Sanit\u00e0 Pubblica, Direzione Generale Cura della Persona, Salute e Welfare &#8211; Regione Emilia-Romagna<\/td><\/tr>\n<tr>\n<td><img src=\"https:\/\/www.to-b.it\/wordpress\/wp-content\/uploads\/2021\/03\/Nicola.jpg\"> <strong>Nicola Caranci (vice-presidente to-B ODV)<\/strong> &#8211; Agenzia sanitaria e sociale regionale dell\u2019Emilia-Romagna, Bologna<\/td>\n<td><img src=\"https:\/\/www.to-b.it\/wordpress\/wp-content\/uploads\/2021\/03\/Dani.png\"> <strong>Daniele Di Domizio<\/strong> &#8211; Istituto di Biomedicina &#8211; Accademia Europea di Bolzano (EURAC)<\/td><\/tr>\n<tr><td><img src=\"https:\/\/www.to-b.it\/wordpress\/wp-content\/uploads\/2021\/03\/Chiara-scaled.jpg\"> <strong>Chiara Di Girolamo<\/strong> &#8211; Agenzia sanitaria e sociale regionale dell\u2019Emilia-Romagna, Bologna<\/td><td><img src=\"https:\/\/www.to-b.it\/wordpress\/wp-content\/uploads\/2021\/09\/prova.jpg\"><strong>F. Marta L. Di Lascio<\/strong> &#8211; Facolt\u00e0 di Economia, Libera Universit\u00e0 di Bozen-Bolzano<\/td><\/tr>\n<tr><td width=\"100%\"><img src=\"https:\/\/www.to-b.it\/wordpress\/wp-content\/uploads\/2021\/03\/Gigi.jpg\">\n<strong>Gianluigi Ferrante (tesoriere to-B ODV)<\/strong> &#8211; Centro di Riferimento per l&#8217;Epidemiologia e la Prevenzione Oncologica in Piemonte &#8211; AOU Citt\u00e0 della Salute e della Scienza di Torino<\/td>\n<td width=\"100%\"><img src=\"https:\/\/www.to-b.it\/wordpress\/wp-content\/uploads\/2021\/07\/Fulvio.jpg\">\n<strong>Fulvio Ricceri<\/strong> &#8211; Dipartimento di Scienze Cliniche e Biologiche &#8211; Universit\u00e0 degli Studi di Torino<\/td>\n<\/tr><tr><td width=\"100%\"><img src=\"https:\/\/www.to-b.it\/wordpress\/wp-content\/uploads\/2022\/08\/fotoNZ.jpg\">\n<strong>Nicol\u00e1s Zengarini<\/strong> &#8211; Servizio sovrazonale di Epidemiologia ASL TO3 &#8211; Regione Piemonte<\/td>\n<\/tr><\/tbody><\/table><\/div>\n\n\n\n<p><\/p>\n","protected":false},"excerpt":{"rendered":"<p>CONTENTS<\/p>\n","protected":false},"author":3,"featured_media":0,"parent":0,"menu_order":0,"comment_status":"closed","ping_status":"closed","template":"","meta":[],"_links":{"self":[{"href":"https:\/\/www.to-b.it\/wordpress\/index.php\/wp-json\/wp\/v2\/pages\/8"}],"collection":[{"href":"https:\/\/www.to-b.it\/wordpress\/index.php\/wp-json\/wp\/v2\/pages"}],"about":[{"href":"https:\/\/www.to-b.it\/wordpress\/index.php\/wp-json\/wp\/v2\/types\/page"}],"author":[{"embeddable":true,"href":"https:\/\/www.to-b.it\/wordpress\/index.php\/wp-json\/wp\/v2\/users\/3"}],"replies":[{"embeddable":true,"href":"https:\/\/www.to-b.it\/wordpress\/index.php\/wp-json\/wp\/v2\/comments?post=8"}],"version-history":[{"count":282,"href":"https:\/\/www.to-b.it\/wordpress\/index.php\/wp-json\/wp\/v2\/pages\/8\/revisions"}],"predecessor-version":[{"id":892,"href":"https:\/\/www.to-b.it\/wordpress\/index.php\/wp-json\/wp\/v2\/pages\/8\/revisions\/892"}],"wp:attachment":[{"href":"https:\/\/www.to-b.it\/wordpress\/index.php\/wp-json\/wp\/v2\/media?parent=8"}],"curies":[{"name":"wp","href":"https:\/\/api.w.org\/{rel}","templated":true}]}}